{"id":77,"date":"2020-04-02T19:54:48","date_gmt":"2020-04-02T17:54:48","guid":{"rendered":"http:\/\/pierrehenriet.fr\/?page_id=77"},"modified":"2024-11-11T22:37:29","modified_gmt":"2024-11-11T21:37:29","slug":"presentation","status":"publish","type":"page","link":"https:\/\/pierrehenriet.fr\/index.php\/presentation\/","title":{"rendered":"Votre d\u00e9put\u00e9"},"content":{"rendered":"\n<figure class=\"wp-block-image aligncenter size-full is-resized is-style-rounded\"><img loading=\"lazy\" decoding=\"async\" width=\"1024\" height=\"1024\" src=\"https:\/\/pierrehenriet.fr\/wp-content\/uploads\/2024\/11\/C08E9D3E-D3A4-4EA5-924C-FDA1F47AAF82.jpeg\" alt=\"\" class=\"wp-image-7929\" style=\"width:262px;height:262px\" srcset=\"https:\/\/pierrehenriet.fr\/wp-content\/uploads\/2024\/11\/C08E9D3E-D3A4-4EA5-924C-FDA1F47AAF82.jpeg 1024w, https:\/\/pierrehenriet.fr\/wp-content\/uploads\/2024\/11\/C08E9D3E-D3A4-4EA5-924C-FDA1F47AAF82-300x300.jpeg 300w, https:\/\/pierrehenriet.fr\/wp-content\/uploads\/2024\/11\/C08E9D3E-D3A4-4EA5-924C-FDA1F47AAF82-150x150.jpeg 150w, https:\/\/pierrehenriet.fr\/wp-content\/uploads\/2024\/11\/C08E9D3E-D3A4-4EA5-924C-FDA1F47AAF82-768x768.jpeg 768w\" sizes=\"auto, (max-width: 1024px) 100vw, 1024px\" \/><\/figure>\n\n\n\n<p><\/p>\n\n\n\n<p>N\u00e9 le 26 novembre 1991 \u00e0 Fontenay-le-Comte, Pierre Henriet a toujours v\u00e9cu dans le Sud Vend\u00e9e.<\/p>\n\n\n\n<p>Il est engag\u00e9 depuis de nombreuses ann\u00e9es dans le domaine associatif, culturel et social. En 2014, il devient conseiller municipal \u00e0 Saint-Pierre-le-Vieux, commune rurale dans le Marais Poitevin.<\/p>\n\n\n\n<p>Professionnellement, il est enseignant en math\u00e9matiques. Il a \u00e9galement \u00e9t\u00e9 doctorant en philosophie des sciences \u00e0 l&rsquo;Universit\u00e9 de Nantes, ayant mis en pause ses activit\u00e9s de recherche depuis 2017 afin de se consacrer pleinement \u00e0 sa fonction de parlementaire.<\/p>\n\n\n\n<p>Depuis 2017, il est d\u00e9put\u00e9 de la Vend\u00e9e.<\/p>\n\n\n\n<p>Tr\u00e8s engag\u00e9 sur le territoire, \u00e9lu de proximit\u00e9, il \u00e9quilibre son temps entre l&rsquo;Assembl\u00e9e nationale et le Sud Vend\u00e9e dans le cadre de son travail parlementaire et d&rsquo;\u00e9change avec les acteurs du territoire (citoyens, \u00e9lus, entreprises, associations, services d\u00e9concentr\u00e9s de l&rsquo;\u00c9tat, etc.).<\/p>\n\n\n\n<p>Son engagement r\u00e9publicain universaliste s&rsquo;inscrit dans une ligne progressiste et \u00e9mancipatrice, attach\u00e9 \u00e0 la d\u00e9centralisation et \u00e0 la confiance port\u00e9e aux acteurs locaux qui servent au plus pr\u00e8s de leurs concitoyens.<\/p>\n\n\n\n<p>\u00c0 l&rsquo;Assembl\u00e9e nationale,\u00a0il est\u00a0actuellement <a href=\"https:\/\/www.senat.fr\/travaux-parlementaires\/office-et-delegations\/office-parlementaire-devaluation-des-choix-scientifiques-et-technologiques.html\" target=\"_blank\" rel=\"noreferrer noopener\">Premier vice-pr\u00e9sident de l&rsquo;Office parlementaire d&rsquo;\u00e9valuation des choix scientifiques et technologiques<\/a>.<\/p>\n\n\n\n<p><\/p>\n\n\n\n<p><a rel=\"noreferrer noopener\" href=\"https:\/\/www.assemblee-nationale.fr\/dyn\/deputes\/PA722070\" data-type=\"URL\" data-id=\"https:\/\/www.assemblee-nationale.fr\/dyn\/deputes\/PA722070\" target=\"_blank\">Retrouver sa fiche compl\u00e8te sur le site de l&rsquo;Assembl\u00e9e nationale.<\/a><\/p>\n\n\n\n<p><\/p>\n\n\n\n<p><\/p>\n","protected":false},"excerpt":{"rendered":"<p>N\u00e9 le 26 novembre 1991 \u00e0 Fontenay-le-Comte, Pierre Henriet a toujours v\u00e9cu dans le Sud Vend\u00e9e. Il est engag\u00e9 depuis de nombreuses ann\u00e9es dans le domaine associatif, culturel et social. En 2014, il devient conseiller municipal \u00e0 Saint-Pierre-le-Vieux, commune rurale dans le Marais Poitevin. Professionnellement, il est enseignant en math\u00e9matiques. Il a \u00e9galement \u00e9t\u00e9 doctorant [&hellip;]<\/p>\n","protected":false},"author":1,"featured_media":0,"parent":0,"menu_order":0,"comment_status":"closed","ping_status":"closed","template":"","meta":{"inline_featured_image":false,"_uag_custom_page_level_css":"","footnotes":""},"class_list":["post-77","page","type-page","status-publish","hentry"],"uagb_featured_image_src":{"full":false,"thumbnail":false,"medium":false,"medium_large":false,"large":false,"post-slider-thumb-size":false,"post-category-slider-size":false,"1536x1536":false,"2048x2048":false},"uagb_author_info":{"display_name":"Pierre Henriet","author_link":"https:\/\/pierrehenriet.fr\/index.php\/author\/admin8155\/"},"uagb_comment_info":0,"uagb_excerpt":"N\u00e9 le 26 novembre 1991 \u00e0 Fontenay-le-Comte, Pierre Henriet a toujours v\u00e9cu dans le Sud Vend\u00e9e. Il est engag\u00e9 depuis de nombreuses ann\u00e9es dans le domaine associatif, culturel et social. En 2014, il devient conseiller municipal \u00e0 Saint-Pierre-le-Vieux, commune rurale dans le Marais Poitevin. Professionnellement, il est enseignant en math\u00e9matiques. Il a \u00e9galement \u00e9t\u00e9 doctorant\u2026","_links":{"self":[{"href":"https:\/\/pierrehenriet.fr\/index.php\/wp-json\/wp\/v2\/pages\/77","targetHints":{"allow":["GET"]}}],"collection":[{"href":"https:\/\/pierrehenriet.fr\/index.php\/wp-json\/wp\/v2\/pages"}],"about":[{"href":"https:\/\/pierrehenriet.fr\/index.php\/wp-json\/wp\/v2\/types\/page"}],"author":[{"embeddable":true,"href":"https:\/\/pierrehenriet.fr\/index.php\/wp-json\/wp\/v2\/users\/1"}],"replies":[{"embeddable":true,"href":"https:\/\/pierrehenriet.fr\/index.php\/wp-json\/wp\/v2\/comments?post=77"}],"version-history":[{"count":33,"href":"https:\/\/pierrehenriet.fr\/index.php\/wp-json\/wp\/v2\/pages\/77\/revisions"}],"predecessor-version":[{"id":7931,"href":"https:\/\/pierrehenriet.fr\/index.php\/wp-json\/wp\/v2\/pages\/77\/revisions\/7931"}],"wp:attachment":[{"href":"https:\/\/pierrehenriet.fr\/index.php\/wp-json\/wp\/v2\/media?parent=77"}],"curies":[{"name":"wp","href":"https:\/\/api.w.org\/{rel}","templated":true}]}}