{"id":97,"date":"2020-04-04T14:00:27","date_gmt":"2020-04-04T12:00:27","guid":{"rendered":"http:\/\/pierrehenriet.fr\/?page_id=97"},"modified":"2024-11-11T02:23:40","modified_gmt":"2024-11-11T01:23:40","slug":"accueil","status":"publish","type":"page","link":"https:\/\/pierrehenriet.fr\/","title":{"rendered":"Bienvenue"},"content":{"rendered":"\n<figure class=\"wp-block-image alignwide size-large\"><img loading=\"lazy\" decoding=\"async\" width=\"1024\" height=\"373\" src=\"https:\/\/pierrehenriet.fr\/wp-content\/uploads\/2023\/07\/cropped-photo-accueil-1-1024x373.png\" alt=\"\" class=\"wp-image-5091\" srcset=\"https:\/\/pierrehenriet.fr\/wp-content\/uploads\/2023\/07\/cropped-photo-accueil-1-1024x373.png 1024w, https:\/\/pierrehenriet.fr\/wp-content\/uploads\/2023\/07\/cropped-photo-accueil-1-300x109.png 300w, https:\/\/pierrehenriet.fr\/wp-content\/uploads\/2023\/07\/cropped-photo-accueil-1-768x280.png 768w, https:\/\/pierrehenriet.fr\/wp-content\/uploads\/2023\/07\/cropped-photo-accueil-1-1536x560.png 1536w, https:\/\/pierrehenriet.fr\/wp-content\/uploads\/2023\/07\/cropped-photo-accueil-1-165x60.png 165w, https:\/\/pierrehenriet.fr\/wp-content\/uploads\/2023\/07\/cropped-photo-accueil-1.png 1920w\" sizes=\"auto, (max-width: 1024px) 100vw, 1024px\" \/><\/figure>\n\n\n\n<p><\/p>\n\n\n\n<h2 class=\"wp-block-heading has-text-align-center\"><strong>Derni\u00e8res actualit\u00e9s<\/strong><\/h2>\n\n\n\n<div class=\"wp-block-query is-layout-flow wp-block-query-is-layout-flow\"><ul class=\"columns-3 wp-block-post-template is-layout-grid wp-container-core-post-template-is-layout-6d3fbd8f wp-block-post-template-is-layout-grid\"><li class=\"wp-block-post post-822 post type-post status-publish format-standard has-post-thumbnail hentry category-politique\">\n<h2 class=\"wp-block-post-title\"><a href=\"https:\/\/pierrehenriet.fr\/index.php\/2022\/01\/06\/france-relance-le-bilan-dans-le-sud-vendee-industrie\/\" target=\"_self\" >France Relance : le bilan dans le Sud Vend\u00e9e (Partie Industrie)<\/a><\/h2>\n\n<figure class=\"alignwide wp-block-post-featured-image\"><a href=\"https:\/\/pierrehenriet.fr\/index.php\/2022\/01\/06\/france-relance-le-bilan-dans-le-sud-vendee-industrie\/\" target=\"_self\"  ><img loading=\"lazy\" decoding=\"async\" width=\"2560\" height=\"1920\" src=\"https:\/\/pierrehenriet.fr\/wp-content\/uploads\/2022\/01\/Bouy-2-scaled.jpg\" class=\"attachment-post-thumbnail size-post-thumbnail wp-post-image\" alt=\"France Relance : le bilan dans le Sud Vend\u00e9e (Partie Industrie)\" style=\"object-fit:cover;\" srcset=\"https:\/\/pierrehenriet.fr\/wp-content\/uploads\/2022\/01\/Bouy-2-scaled.jpg 2560w, https:\/\/pierrehenriet.fr\/wp-content\/uploads\/2022\/01\/Bouy-2-300x225.jpg 300w, https:\/\/pierrehenriet.fr\/wp-content\/uploads\/2022\/01\/Bouy-2-1024x768.jpg 1024w, https:\/\/pierrehenriet.fr\/wp-content\/uploads\/2022\/01\/Bouy-2-768x576.jpg 768w, https:\/\/pierrehenriet.fr\/wp-content\/uploads\/2022\/01\/Bouy-2-1536x1152.jpg 1536w, https:\/\/pierrehenriet.fr\/wp-content\/uploads\/2022\/01\/Bouy-2-2048x1536.jpg 2048w\" sizes=\"auto, (max-width: 2560px) 100vw, 2560px\" \/><\/a><\/figure>\n\n<div class=\"wp-block-post-excerpt\"><p class=\"wp-block-post-excerpt__excerpt\">Pays de Fontenay-Vend\u00e9e et Vend\u00e9e S\u00e8vre Autise Sud Vend\u00e9e Littoral Pays de la Ch\u00e2taigneraie <\/p><\/div>\n\n\n<hr class=\"wp-block-separator has-css-opacity\"\/>\n\n\n<div class=\"wp-block-post-date\"><time datetime=\"2022-01-06T10:00:00+01:00\">6 janvier 2022<\/time><\/div>\n<\/li><li class=\"wp-block-post post-828 post type-post status-publish format-standard has-post-thumbnail hentry category-politique\">\n<h2 class=\"wp-block-post-title\"><a href=\"https:\/\/pierrehenriet.fr\/index.php\/2022\/01\/06\/france-relance-le-bilan-dans-le-sud-vendee-cohesion-du-territoire\/\" target=\"_self\" >France Relance : le bilan dans le Sud Vend\u00e9e (partie Coh\u00e9sion du territoire)<\/a><\/h2>\n\n<figure class=\"alignwide wp-block-post-featured-image\"><a href=\"https:\/\/pierrehenriet.fr\/index.php\/2022\/01\/06\/france-relance-le-bilan-dans-le-sud-vendee-cohesion-du-territoire\/\" target=\"_self\"  ><img loading=\"lazy\" decoding=\"async\" width=\"2560\" height=\"1870\" src=\"https:\/\/pierrehenriet.fr\/wp-content\/uploads\/2022\/01\/Casiers-fermiers-scaled.jpg\" class=\"attachment-post-thumbnail size-post-thumbnail wp-post-image\" alt=\"France Relance : le bilan dans le Sud Vend\u00e9e (partie Coh\u00e9sion du territoire)\" style=\"object-fit:cover;\" srcset=\"https:\/\/pierrehenriet.fr\/wp-content\/uploads\/2022\/01\/Casiers-fermiers-scaled.jpg 2560w, https:\/\/pierrehenriet.fr\/wp-content\/uploads\/2022\/01\/Casiers-fermiers-300x219.jpg 300w, https:\/\/pierrehenriet.fr\/wp-content\/uploads\/2022\/01\/Casiers-fermiers-1024x748.jpg 1024w, https:\/\/pierrehenriet.fr\/wp-content\/uploads\/2022\/01\/Casiers-fermiers-768x561.jpg 768w, https:\/\/pierrehenriet.fr\/wp-content\/uploads\/2022\/01\/Casiers-fermiers-1536x1122.jpg 1536w, https:\/\/pierrehenriet.fr\/wp-content\/uploads\/2022\/01\/Casiers-fermiers-2048x1496.jpg 2048w\" sizes=\"auto, (max-width: 2560px) 100vw, 2560px\" \/><\/a><\/figure>\n\n<div class=\"wp-block-post-excerpt\"><p class=\"wp-block-post-excerpt__excerpt\">Pays de Fontenay-Vend\u00e9e et Vend\u00e9e S\u00e8vre Autise Sud Vend\u00e9e Littoral Pays de la Ch\u00e2taigneraie <\/p><\/div>\n\n\n<hr class=\"wp-block-separator has-css-opacity\"\/>\n\n\n<div class=\"wp-block-post-date\"><time datetime=\"2022-01-06T09:00:00+01:00\">6 janvier 2022<\/time><\/div>\n<\/li><li class=\"wp-block-post post-819 post type-post status-publish format-standard has-post-thumbnail hentry category-communique-de-presse\">\n<h2 class=\"wp-block-post-title\"><a href=\"https:\/\/pierrehenriet.fr\/index.php\/2021\/11\/19\/fontenay-fonds-friches-2021\/\" target=\"_self\" >Fontenay : Fonds friches 2021<\/a><\/h2>\n\n<figure class=\"alignwide wp-block-post-featured-image\"><a href=\"https:\/\/pierrehenriet.fr\/index.php\/2021\/11\/19\/fontenay-fonds-friches-2021\/\" target=\"_self\"  ><img loading=\"lazy\" decoding=\"async\" width=\"1260\" height=\"708\" src=\"https:\/\/pierrehenriet.fr\/wp-content\/uploads\/2022\/01\/MjAyMTExZjA5ZDlkM2VjMWFiMjMzZjYxN2M1YWE4NGEwYzU5.webp\" class=\"attachment-post-thumbnail size-post-thumbnail wp-post-image\" alt=\"Fontenay : Fonds friches 2021\" style=\"object-fit:cover;\" \/><\/a><\/figure>\n\n<div class=\"wp-block-post-excerpt\"><p class=\"wp-block-post-excerpt__excerpt\">Dans le cadre de la politique de r\u00e9novation&nbsp;urbaine des centres-villes, le Minist\u00e8re du Logement propose chaque ann\u00e9e un fonds friches afin de soutenir les projets locaux dans leur r\u00e9alisation. Cette ann\u00e9e, les projets retenus sont cons\u00e9quents pour la ville de Fontenay : le projet de logements sur le site de l\u2019ancienne imprimerie Lussaud port\u00e9 par\u2026 <\/p><\/div>\n\n\n<hr class=\"wp-block-separator has-css-opacity\"\/>\n\n\n<div class=\"wp-block-post-date\"><time datetime=\"2021-11-19T10:20:00+01:00\">19 novembre 2021<\/time><\/div>\n<\/li><\/ul><\/div>\n","protected":false},"excerpt":{"rendered":"<p>Derni\u00e8res actualit\u00e9s<\/p>\n","protected":false},"author":1,"featured_media":0,"parent":0,"menu_order":0,"comment_status":"closed","ping_status":"closed","template":"","meta":{"inline_featured_image":false,"_uag_custom_page_level_css":"","footnotes":""},"class_list":["post-97","page","type-page","status-publish","hentry"],"uagb_featured_image_src":{"full":false,"thumbnail":false,"medium":false,"medium_large":false,"large":false,"post-slider-thumb-size":false,"post-category-slider-size":false,"1536x1536":false,"2048x2048":false},"uagb_author_info":{"display_name":"Pierre Henriet","author_link":"https:\/\/pierrehenriet.fr\/index.php\/author\/admin8155\/"},"uagb_comment_info":0,"uagb_excerpt":"Derni\u00e8res actualit\u00e9s","_links":{"self":[{"href":"https:\/\/pierrehenriet.fr\/index.php\/wp-json\/wp\/v2\/pages\/97","targetHints":{"allow":["GET"]}}],"collection":[{"href":"https:\/\/pierrehenriet.fr\/index.php\/wp-json\/wp\/v2\/pages"}],"about":[{"href":"https:\/\/pierrehenriet.fr\/index.php\/wp-json\/wp\/v2\/types\/page"}],"author":[{"embeddable":true,"href":"https:\/\/pierrehenriet.fr\/index.php\/wp-json\/wp\/v2\/users\/1"}],"replies":[{"embeddable":true,"href":"https:\/\/pierrehenriet.fr\/index.php\/wp-json\/wp\/v2\/comments?post=97"}],"version-history":[{"count":20,"href":"https:\/\/pierrehenriet.fr\/index.php\/wp-json\/wp\/v2\/pages\/97\/revisions"}],"predecessor-version":[{"id":7853,"href":"https:\/\/pierrehenriet.fr\/index.php\/wp-json\/wp\/v2\/pages\/97\/revisions\/7853"}],"wp:attachment":[{"href":"https:\/\/pierrehenriet.fr\/index.php\/wp-json\/wp\/v2\/media?parent=97"}],"curies":[{"name":"wp","href":"https:\/\/api.w.org\/{rel}","templated":true}]}}